{"id":80,"date":"2020-06-22T19:07:20","date_gmt":"2020-06-22T17:07:20","guid":{"rendered":"http:\/\/upcycliz.fr\/?post_type=product&#038;p=80"},"modified":"2025-11-17T18:28:22","modified_gmt":"2025-11-17T17:28:22","slug":"coussin-sensoriel","status":"publish","type":"product","link":"http:\/\/upcycliz.fr\/index.php\/produit\/coussin-sensoriel\/","title":{"rendered":"Lot de coussins sensoriels"},"content":{"rendered":"<p><img loading=\"lazy\" class=\"alignnone size-medium wp-image-86\" src=\"http:\/\/upcycliz.fr\/wp-content\/uploads\/2020\/06\/IMG_0324-300x225.jpg\" alt=\"\" width=\"300\" height=\"225\" srcset=\"http:\/\/upcycliz.fr\/wp-content\/uploads\/2020\/06\/IMG_0324-300x225.jpg 300w, http:\/\/upcycliz.fr\/wp-content\/uploads\/2020\/06\/IMG_0324-scaled-600x450.jpg 600w, http:\/\/upcycliz.fr\/wp-content\/uploads\/2020\/06\/IMG_0324-1024x768.jpg 1024w, http:\/\/upcycliz.fr\/wp-content\/uploads\/2020\/06\/IMG_0324-768x576.jpg 768w, http:\/\/upcycliz.fr\/wp-content\/uploads\/2020\/06\/IMG_0324-1536x1152.jpg 1536w, http:\/\/upcycliz.fr\/wp-content\/uploads\/2020\/06\/IMG_0324-2048x1536.jpg 2048w\" sizes=\"(max-width: 300px) 100vw, 300px\" \/><\/p>\n<p><img loading=\"lazy\" class=\"alignnone size-medium wp-image-85\" src=\"http:\/\/upcycliz.fr\/wp-content\/uploads\/2020\/06\/IMG_0323-300x225.jpg\" alt=\"\" width=\"300\" height=\"225\" srcset=\"http:\/\/upcycliz.fr\/wp-content\/uploads\/2020\/06\/IMG_0323-300x225.jpg 300w, http:\/\/upcycliz.fr\/wp-content\/uploads\/2020\/06\/IMG_0323-scaled-600x450.jpg 600w, http:\/\/upcycliz.fr\/wp-content\/uploads\/2020\/06\/IMG_0323-1024x768.jpg 1024w, http:\/\/upcycliz.fr\/wp-content\/uploads\/2020\/06\/IMG_0323-768x576.jpg 768w, http:\/\/upcycliz.fr\/wp-content\/uploads\/2020\/06\/IMG_0323-1536x1152.jpg 1536w, http:\/\/upcycliz.fr\/wp-content\/uploads\/2020\/06\/IMG_0323-2048x1536.jpg 2048w\" sizes=\"(max-width: 300px) 100vw, 300px\" \/><\/p>\n<p><img loading=\"lazy\" class=\"alignnone size-medium wp-image-82\" src=\"http:\/\/upcycliz.fr\/wp-content\/uploads\/2020\/06\/IMG_0320-300x225.jpg\" alt=\"\" width=\"300\" height=\"225\" srcset=\"http:\/\/upcycliz.fr\/wp-content\/uploads\/2020\/06\/IMG_0320-300x225.jpg 300w, http:\/\/upcycliz.fr\/wp-content\/uploads\/2020\/06\/IMG_0320-scaled-600x450.jpg 600w, http:\/\/upcycliz.fr\/wp-content\/uploads\/2020\/06\/IMG_0320-1024x768.jpg 1024w, http:\/\/upcycliz.fr\/wp-content\/uploads\/2020\/06\/IMG_0320-768x576.jpg 768w, http:\/\/upcycliz.fr\/wp-content\/uploads\/2020\/06\/IMG_0320-1536x1152.jpg 1536w, http:\/\/upcycliz.fr\/wp-content\/uploads\/2020\/06\/IMG_0320-2048x1536.jpg 2048w\" sizes=\"(max-width: 300px) 100vw, 300px\" \/><\/p>\n","protected":false},"excerpt":{"rendered":"<p>Vos enfants adoreront manipuler ces petits coussins.<\/p>\n<p>Les coussins ont tous des textures diff\u00e9rentes (exterieur et rembourrage) afin de d\u00e9velopper la sensibilit\u00e9 tactile de vos enfants.<\/p>\n<p>&nbsp;<\/p>\n","protected":false},"featured_media":84,"comment_status":"open","ping_status":"closed","template":"","meta":[],"product_cat":[40],"product_tag":[],"_links":{"self":[{"href":"http:\/\/upcycliz.fr\/index.php\/wp-json\/wp\/v2\/product\/80"}],"collection":[{"href":"http:\/\/upcycliz.fr\/index.php\/wp-json\/wp\/v2\/product"}],"about":[{"href":"http:\/\/upcycliz.fr\/index.php\/wp-json\/wp\/v2\/types\/product"}],"replies":[{"embeddable":true,"href":"http:\/\/upcycliz.fr\/index.php\/wp-json\/wp\/v2\/comments?post=80"}],"wp:featuredmedia":[{"embeddable":true,"href":"http:\/\/upcycliz.fr\/index.php\/wp-json\/wp\/v2\/media\/84"}],"wp:attachment":[{"href":"http:\/\/upcycliz.fr\/index.php\/wp-json\/wp\/v2\/media?parent=80"}],"wp:term":[{"taxonomy":"product_cat","embeddable":true,"href":"http:\/\/upcycliz.fr\/index.php\/wp-json\/wp\/v2\/product_cat?post=80"},{"taxonomy":"product_tag","embeddable":true,"href":"http:\/\/upcycliz.fr\/index.php\/wp-json\/wp\/v2\/product_tag?post=80"}],"curies":[{"name":"wp","href":"https:\/\/api.w.org\/{rel}","templated":true}]}}