{"id":70,"date":"2020-06-22T18:23:10","date_gmt":"2020-06-22T16:23:10","guid":{"rendered":"http:\/\/upcycliz.fr\/?post_type=product&#038;p=70"},"modified":"2025-07-16T13:48:31","modified_gmt":"2025-07-16T11:48:31","slug":"boucles-doreille","status":"publish","type":"product","link":"http:\/\/upcycliz.fr\/index.php\/produit\/boucles-doreille\/","title":{"rendered":"boucles d&rsquo;oreille"},"content":{"rendered":"<p><img loading=\"lazy\" class=\"alignnone size-medium wp-image-206\" src=\"http:\/\/upcycliz.fr\/wp-content\/uploads\/2020\/06\/IMG_1038-200x300.jpg\" alt=\"\" width=\"200\" height=\"300\" srcset=\"http:\/\/upcycliz.fr\/wp-content\/uploads\/2020\/06\/IMG_1038-200x300.jpg 200w, http:\/\/upcycliz.fr\/wp-content\/uploads\/2020\/06\/IMG_1038-682x1024.jpg 682w, http:\/\/upcycliz.fr\/wp-content\/uploads\/2020\/06\/IMG_1038-768x1153.jpg 768w, http:\/\/upcycliz.fr\/wp-content\/uploads\/2020\/06\/IMG_1038-1023x1536.jpg 1023w, http:\/\/upcycliz.fr\/wp-content\/uploads\/2020\/06\/IMG_1038-1364x2048.jpg 1364w, http:\/\/upcycliz.fr\/wp-content\/uploads\/2020\/06\/IMG_1038-600x901.jpg 600w, http:\/\/upcycliz.fr\/wp-content\/uploads\/2020\/06\/IMG_1038-scaled.jpg 1705w\" sizes=\"(max-width: 200px) 100vw, 200px\" \/><\/p>\n","protected":false},"excerpt":{"rendered":"<p>boucles d\u2019oreilles fabriqu\u00e9 \u00e0 base de chambre \u00e0 air<\/p>\n","protected":false},"featured_media":203,"comment_status":"open","ping_status":"closed","template":"","meta":[],"product_cat":[39,41],"product_tag":[],"_links":{"self":[{"href":"http:\/\/upcycliz.fr\/index.php\/wp-json\/wp\/v2\/product\/70"}],"collection":[{"href":"http:\/\/upcycliz.fr\/index.php\/wp-json\/wp\/v2\/product"}],"about":[{"href":"http:\/\/upcycliz.fr\/index.php\/wp-json\/wp\/v2\/types\/product"}],"replies":[{"embeddable":true,"href":"http:\/\/upcycliz.fr\/index.php\/wp-json\/wp\/v2\/comments?post=70"}],"wp:featuredmedia":[{"embeddable":true,"href":"http:\/\/upcycliz.fr\/index.php\/wp-json\/wp\/v2\/media\/203"}],"wp:attachment":[{"href":"http:\/\/upcycliz.fr\/index.php\/wp-json\/wp\/v2\/media?parent=70"}],"wp:term":[{"taxonomy":"product_cat","embeddable":true,"href":"http:\/\/upcycliz.fr\/index.php\/wp-json\/wp\/v2\/product_cat?post=70"},{"taxonomy":"product_tag","embeddable":true,"href":"http:\/\/upcycliz.fr\/index.php\/wp-json\/wp\/v2\/product_tag?post=70"}],"curies":[{"name":"wp","href":"https:\/\/api.w.org\/{rel}","templated":true}]}}