{"id":61,"date":"2020-06-22T18:05:44","date_gmt":"2020-06-22T16:05:44","guid":{"rendered":"http:\/\/upcycliz.fr\/?post_type=product&#038;p=61"},"modified":"2024-03-22T21:32:08","modified_gmt":"2024-03-22T20:32:08","slug":"sac-a-main","status":"publish","type":"product","link":"http:\/\/upcycliz.fr\/index.php\/produit\/sac-a-main\/","title":{"rendered":"sac \u00e0 main"},"content":{"rendered":"<div id='gallery-1' class='gallery galleryid-61 gallery-columns-3 gallery-size-thumbnail'><figure class='gallery-item'>\n\t\t\t<div class='gallery-icon landscape'>\n\t\t\t\t<a href='http:\/\/upcycliz.fr\/?attachment_id=64'><img width=\"150\" height=\"150\" src=\"http:\/\/upcycliz.fr\/wp-content\/uploads\/2020\/06\/IMG_1061-150x150.jpg\" class=\"attachment-thumbnail size-thumbnail\" alt=\"\" loading=\"lazy\" srcset=\"http:\/\/upcycliz.fr\/wp-content\/uploads\/2020\/06\/IMG_1061-150x150.jpg 150w, http:\/\/upcycliz.fr\/wp-content\/uploads\/2020\/06\/IMG_1061-scaled-300x300.jpg 300w, http:\/\/upcycliz.fr\/wp-content\/uploads\/2020\/06\/IMG_1061-scaled-100x100.jpg 100w\" sizes=\"(max-width: 150px) 100vw, 150px\" \/><\/a>\n\t\t\t<\/div><\/figure><figure class='gallery-item'>\n\t\t\t<div class='gallery-icon landscape'>\n\t\t\t\t<a href='http:\/\/upcycliz.fr\/?attachment_id=63'><img width=\"150\" height=\"150\" src=\"http:\/\/upcycliz.fr\/wp-content\/uploads\/2020\/06\/IMG_1060-150x150.jpg\" class=\"attachment-thumbnail size-thumbnail\" alt=\"\" loading=\"lazy\" srcset=\"http:\/\/upcycliz.fr\/wp-content\/uploads\/2020\/06\/IMG_1060-150x150.jpg 150w, http:\/\/upcycliz.fr\/wp-content\/uploads\/2020\/06\/IMG_1060-scaled-300x300.jpg 300w, http:\/\/upcycliz.fr\/wp-content\/uploads\/2020\/06\/IMG_1060-scaled-100x100.jpg 100w\" sizes=\"(max-width: 150px) 100vw, 150px\" \/><\/a>\n\t\t\t<\/div><\/figure><figure class='gallery-item'>\n\t\t\t<div class='gallery-icon landscape'>\n\t\t\t\t<a href='http:\/\/upcycliz.fr\/?attachment_id=62'><img width=\"150\" height=\"150\" src=\"http:\/\/upcycliz.fr\/wp-content\/uploads\/2020\/06\/IMG_1059-150x150.jpg\" class=\"attachment-thumbnail size-thumbnail\" alt=\"\" loading=\"lazy\" srcset=\"http:\/\/upcycliz.fr\/wp-content\/uploads\/2020\/06\/IMG_1059-150x150.jpg 150w, http:\/\/upcycliz.fr\/wp-content\/uploads\/2020\/06\/IMG_1059-scaled-300x300.jpg 300w, http:\/\/upcycliz.fr\/wp-content\/uploads\/2020\/06\/IMG_1059-scaled-100x100.jpg 100w\" sizes=\"(max-width: 150px) 100vw, 150px\" \/><\/a>\n\t\t\t<\/div><\/figure>\n\t\t<\/div>\n\n<p><img loading=\"lazy\" class=\"alignnone size-medium wp-image-65\" src=\"http:\/\/upcycliz.fr\/wp-content\/uploads\/2020\/06\/IMG_0308-225x300.jpg\" alt=\"\" width=\"225\" height=\"300\" srcset=\"http:\/\/upcycliz.fr\/wp-content\/uploads\/2020\/06\/IMG_0308-225x300.jpg 225w, http:\/\/upcycliz.fr\/wp-content\/uploads\/2020\/06\/IMG_0308-scaled-600x800.jpg 600w, http:\/\/upcycliz.fr\/wp-content\/uploads\/2020\/06\/IMG_0308-768x1024.jpg 768w, http:\/\/upcycliz.fr\/wp-content\/uploads\/2020\/06\/IMG_0308-1152x1536.jpg 1152w, http:\/\/upcycliz.fr\/wp-content\/uploads\/2020\/06\/IMG_0308-1536x2048.jpg 1536w, http:\/\/upcycliz.fr\/wp-content\/uploads\/2020\/06\/IMG_0308-scaled.jpg 1920w\" sizes=\"(max-width: 225px) 100vw, 225px\" \/><\/p>\n","protected":false},"excerpt":{"rendered":"<p>Sac \u00e0 main fait \u00e0 partir de v\u00eatements recycl\u00e9s.<\/p>\n<p>Jupe, cravate, et breloques&#8230;<\/p>\n","protected":false},"featured_media":65,"comment_status":"open","ping_status":"closed","template":"","meta":[],"product_cat":[31,30],"product_tag":[33,34,28],"_links":{"self":[{"href":"http:\/\/upcycliz.fr\/index.php\/wp-json\/wp\/v2\/product\/61"}],"collection":[{"href":"http:\/\/upcycliz.fr\/index.php\/wp-json\/wp\/v2\/product"}],"about":[{"href":"http:\/\/upcycliz.fr\/index.php\/wp-json\/wp\/v2\/types\/product"}],"replies":[{"embeddable":true,"href":"http:\/\/upcycliz.fr\/index.php\/wp-json\/wp\/v2\/comments?post=61"}],"wp:featuredmedia":[{"embeddable":true,"href":"http:\/\/upcycliz.fr\/index.php\/wp-json\/wp\/v2\/media\/65"}],"wp:attachment":[{"href":"http:\/\/upcycliz.fr\/index.php\/wp-json\/wp\/v2\/media?parent=61"}],"wp:term":[{"taxonomy":"product_cat","embeddable":true,"href":"http:\/\/upcycliz.fr\/index.php\/wp-json\/wp\/v2\/product_cat?post=61"},{"taxonomy":"product_tag","embeddable":true,"href":"http:\/\/upcycliz.fr\/index.php\/wp-json\/wp\/v2\/product_tag?post=61"}],"curies":[{"name":"wp","href":"https:\/\/api.w.org\/{rel}","templated":true}]}}