{"id":53,"date":"2020-05-29T13:19:02","date_gmt":"2020-05-29T11:19:02","guid":{"rendered":"http:\/\/upcycliz.fr\/?post_type=product&#038;p=53"},"modified":"2025-01-25T20:29:09","modified_gmt":"2025-01-25T19:29:09","slug":"sac-a-pain","status":"publish","type":"product","link":"http:\/\/upcycliz.fr\/index.php\/produit\/sac-a-pain\/","title":{"rendered":"sac \u00e0 pain"},"content":{"rendered":"<div id='gallery-1' class='gallery galleryid-53 gallery-columns-3 gallery-size-thumbnail'><figure class='gallery-item'>\n\t\t\t<div class='gallery-icon landscape'>\n\t\t\t\t<a href='http:\/\/upcycliz.fr\/?attachment_id=56'><img width=\"150\" height=\"150\" src=\"http:\/\/upcycliz.fr\/wp-content\/uploads\/2020\/05\/IMG_1134-150x150.jpg\" class=\"attachment-thumbnail size-thumbnail\" alt=\"\" loading=\"lazy\" srcset=\"http:\/\/upcycliz.fr\/wp-content\/uploads\/2020\/05\/IMG_1134-150x150.jpg 150w, http:\/\/upcycliz.fr\/wp-content\/uploads\/2020\/05\/IMG_1134-scaled-300x300.jpg 300w, http:\/\/upcycliz.fr\/wp-content\/uploads\/2020\/05\/IMG_1134-scaled-100x100.jpg 100w\" sizes=\"(max-width: 150px) 100vw, 150px\" \/><\/a>\n\t\t\t<\/div><\/figure><figure class='gallery-item'>\n\t\t\t<div class='gallery-icon landscape'>\n\t\t\t\t<a href='http:\/\/upcycliz.fr\/?attachment_id=55'><img width=\"150\" height=\"150\" src=\"http:\/\/upcycliz.fr\/wp-content\/uploads\/2020\/05\/IMG_1133-150x150.jpg\" class=\"attachment-thumbnail size-thumbnail\" alt=\"\" loading=\"lazy\" srcset=\"http:\/\/upcycliz.fr\/wp-content\/uploads\/2020\/05\/IMG_1133-150x150.jpg 150w, http:\/\/upcycliz.fr\/wp-content\/uploads\/2020\/05\/IMG_1133-scaled-300x300.jpg 300w, http:\/\/upcycliz.fr\/wp-content\/uploads\/2020\/05\/IMG_1133-scaled-100x100.jpg 100w\" sizes=\"(max-width: 150px) 100vw, 150px\" \/><\/a>\n\t\t\t<\/div><\/figure>\n\t\t<\/div>\n\n","protected":false},"excerpt":{"rendered":"<p>sac fabriqu\u00e9 \u00e0 partir de jean recycl\u00e9<\/p>\n","protected":false},"featured_media":54,"comment_status":"open","ping_status":"closed","template":"","meta":[],"product_cat":[31,43],"product_tag":[37],"_links":{"self":[{"href":"http:\/\/upcycliz.fr\/index.php\/wp-json\/wp\/v2\/product\/53"}],"collection":[{"href":"http:\/\/upcycliz.fr\/index.php\/wp-json\/wp\/v2\/product"}],"about":[{"href":"http:\/\/upcycliz.fr\/index.php\/wp-json\/wp\/v2\/types\/product"}],"replies":[{"embeddable":true,"href":"http:\/\/upcycliz.fr\/index.php\/wp-json\/wp\/v2\/comments?post=53"}],"wp:featuredmedia":[{"embeddable":true,"href":"http:\/\/upcycliz.fr\/index.php\/wp-json\/wp\/v2\/media\/54"}],"wp:attachment":[{"href":"http:\/\/upcycliz.fr\/index.php\/wp-json\/wp\/v2\/media?parent=53"}],"wp:term":[{"taxonomy":"product_cat","embeddable":true,"href":"http:\/\/upcycliz.fr\/index.php\/wp-json\/wp\/v2\/product_cat?post=53"},{"taxonomy":"product_tag","embeddable":true,"href":"http:\/\/upcycliz.fr\/index.php\/wp-json\/wp\/v2\/product_tag?post=53"}],"curies":[{"name":"wp","href":"https:\/\/api.w.org\/{rel}","templated":true}]}}