{"id":382,"date":"2020-10-30T13:36:11","date_gmt":"2020-10-30T12:36:11","guid":{"rendered":"http:\/\/upcycliz.fr\/?post_type=product&#038;p=382"},"modified":"2026-02-02T21:59:47","modified_gmt":"2026-02-02T20:59:47","slug":"porte-cles","status":"publish","type":"product","link":"http:\/\/upcycliz.fr\/index.php\/produit\/porte-cles\/","title":{"rendered":"porte cl\u00e9s"},"content":{"rendered":"<p>petit porte cl\u00e9s en chambre \u00e0 air, breloque \u00e9toile en bronze<\/p>\n","protected":false},"excerpt":{"rendered":"<p>petit porte cl\u00e9s en chambre \u00e0 air, breloque \u00e9toile en bronze<\/p>\n","protected":false},"featured_media":383,"comment_status":"open","ping_status":"closed","template":"","meta":[],"product_cat":[46],"product_tag":[50,48,49,51,47],"_links":{"self":[{"href":"http:\/\/upcycliz.fr\/index.php\/wp-json\/wp\/v2\/product\/382"}],"collection":[{"href":"http:\/\/upcycliz.fr\/index.php\/wp-json\/wp\/v2\/product"}],"about":[{"href":"http:\/\/upcycliz.fr\/index.php\/wp-json\/wp\/v2\/types\/product"}],"replies":[{"embeddable":true,"href":"http:\/\/upcycliz.fr\/index.php\/wp-json\/wp\/v2\/comments?post=382"}],"wp:featuredmedia":[{"embeddable":true,"href":"http:\/\/upcycliz.fr\/index.php\/wp-json\/wp\/v2\/media\/383"}],"wp:attachment":[{"href":"http:\/\/upcycliz.fr\/index.php\/wp-json\/wp\/v2\/media?parent=382"}],"wp:term":[{"taxonomy":"product_cat","embeddable":true,"href":"http:\/\/upcycliz.fr\/index.php\/wp-json\/wp\/v2\/product_cat?post=382"},{"taxonomy":"product_tag","embeddable":true,"href":"http:\/\/upcycliz.fr\/index.php\/wp-json\/wp\/v2\/product_tag?post=382"}],"curies":[{"name":"wp","href":"https:\/\/api.w.org\/{rel}","templated":true}]}}