{"id":359,"date":"2020-09-23T18:37:06","date_gmt":"2020-09-23T16:37:06","guid":{"rendered":"http:\/\/upcycliz.fr\/?post_type=product&#038;p=359"},"modified":"2025-10-22T20:44:53","modified_gmt":"2025-10-22T18:44:53","slug":"sac-a-doudou","status":"publish","type":"product","link":"http:\/\/upcycliz.fr\/index.php\/produit\/sac-a-doudou\/","title":{"rendered":"Sac \u00e0 doudou"},"content":{"rendered":"<p>Petit sac \u00e0 dos pour emporter le doudou et le go\u00fbter de votre enfant.<\/p>\n<p>Fabriqu\u00e9 \u00e0 parti d&rsquo;une chemise b\u00e9b\u00e9 et d&rsquo;un jean recycl\u00e9.<\/p>\n","protected":false},"excerpt":{"rendered":"<p>Petit sac \u00e0 dos maternelle.<\/p>\n","protected":false},"featured_media":360,"comment_status":"open","ping_status":"closed","template":"","meta":[],"product_cat":[44],"product_tag":[],"_links":{"self":[{"href":"http:\/\/upcycliz.fr\/index.php\/wp-json\/wp\/v2\/product\/359"}],"collection":[{"href":"http:\/\/upcycliz.fr\/index.php\/wp-json\/wp\/v2\/product"}],"about":[{"href":"http:\/\/upcycliz.fr\/index.php\/wp-json\/wp\/v2\/types\/product"}],"replies":[{"embeddable":true,"href":"http:\/\/upcycliz.fr\/index.php\/wp-json\/wp\/v2\/comments?post=359"}],"wp:featuredmedia":[{"embeddable":true,"href":"http:\/\/upcycliz.fr\/index.php\/wp-json\/wp\/v2\/media\/360"}],"wp:attachment":[{"href":"http:\/\/upcycliz.fr\/index.php\/wp-json\/wp\/v2\/media?parent=359"}],"wp:term":[{"taxonomy":"product_cat","embeddable":true,"href":"http:\/\/upcycliz.fr\/index.php\/wp-json\/wp\/v2\/product_cat?post=359"},{"taxonomy":"product_tag","embeddable":true,"href":"http:\/\/upcycliz.fr\/index.php\/wp-json\/wp\/v2\/product_tag?post=359"}],"curies":[{"name":"wp","href":"https:\/\/api.w.org\/{rel}","templated":true}]}}