{"id":311,"date":"2020-06-29T14:57:41","date_gmt":"2020-06-29T12:57:41","guid":{"rendered":"http:\/\/upcycliz.fr\/?post_type=product&#038;p=311"},"modified":"2025-12-13T21:30:01","modified_gmt":"2025-12-13T20:30:01","slug":"sac-a-billes","status":"publish","type":"product","link":"http:\/\/upcycliz.fr\/index.php\/produit\/sac-a-billes\/","title":{"rendered":"Sac \u00e0 billes"},"content":{"rendered":"<p>Sac \u00e0 billes fabriqu\u00e9 avec de vieilles chemises.<\/p>\n<p>Ruban \u00e9toiles rouges.<\/p>\n","protected":false},"excerpt":{"rendered":"<p>Sac \u00e0 billes fabriqu\u00e9 avec de vieilles chemises. Ruban \u00e9toiles rouges.<\/p>\n","protected":false},"featured_media":221,"comment_status":"open","ping_status":"closed","template":"","meta":[],"product_cat":[31,43],"product_tag":[],"_links":{"self":[{"href":"http:\/\/upcycliz.fr\/index.php\/wp-json\/wp\/v2\/product\/311"}],"collection":[{"href":"http:\/\/upcycliz.fr\/index.php\/wp-json\/wp\/v2\/product"}],"about":[{"href":"http:\/\/upcycliz.fr\/index.php\/wp-json\/wp\/v2\/types\/product"}],"replies":[{"embeddable":true,"href":"http:\/\/upcycliz.fr\/index.php\/wp-json\/wp\/v2\/comments?post=311"}],"wp:featuredmedia":[{"embeddable":true,"href":"http:\/\/upcycliz.fr\/index.php\/wp-json\/wp\/v2\/media\/221"}],"wp:attachment":[{"href":"http:\/\/upcycliz.fr\/index.php\/wp-json\/wp\/v2\/media?parent=311"}],"wp:term":[{"taxonomy":"product_cat","embeddable":true,"href":"http:\/\/upcycliz.fr\/index.php\/wp-json\/wp\/v2\/product_cat?post=311"},{"taxonomy":"product_tag","embeddable":true,"href":"http:\/\/upcycliz.fr\/index.php\/wp-json\/wp\/v2\/product_tag?post=311"}],"curies":[{"name":"wp","href":"https:\/\/api.w.org\/{rel}","templated":true}]}}