{"id":295,"date":"2020-06-29T14:33:01","date_gmt":"2020-06-29T12:33:01","guid":{"rendered":"http:\/\/upcycliz.fr\/?post_type=product&#038;p=295"},"modified":"2024-03-23T20:58:07","modified_gmt":"2024-03-23T19:58:07","slug":"sac-etoile","status":"publish","type":"product","link":"http:\/\/upcycliz.fr\/index.php\/produit\/sac-etoile\/","title":{"rendered":"sac \u00e9toile"},"content":{"rendered":"<p>Sac cabas fait \u00e0 partir de vieux v\u00eatements et de chutes de tissu.<\/p>\n<p>&nbsp;<\/p>\n<p><img loading=\"lazy\" class=\"alignnone size-medium wp-image-296\" src=\"http:\/\/upcycliz.fr\/wp-content\/uploads\/2020\/06\/IMG_0287-225x300.jpg\" alt=\"\" width=\"225\" height=\"300\" srcset=\"http:\/\/upcycliz.fr\/wp-content\/uploads\/2020\/06\/IMG_0287-225x300.jpg 225w, http:\/\/upcycliz.fr\/wp-content\/uploads\/2020\/06\/IMG_0287-768x1024.jpg 768w, http:\/\/upcycliz.fr\/wp-content\/uploads\/2020\/06\/IMG_0287-1152x1536.jpg 1152w, http:\/\/upcycliz.fr\/wp-content\/uploads\/2020\/06\/IMG_0287-1536x2048.jpg 1536w, http:\/\/upcycliz.fr\/wp-content\/uploads\/2020\/06\/IMG_0287-600x800.jpg 600w, http:\/\/upcycliz.fr\/wp-content\/uploads\/2020\/06\/IMG_0287-scaled.jpg 1920w\" sizes=\"(max-width: 225px) 100vw, 225px\" \/> <img loading=\"lazy\" class=\"alignnone size-medium wp-image-298\" src=\"http:\/\/upcycliz.fr\/wp-content\/uploads\/2020\/06\/IMG_0290-225x300.jpg\" alt=\"\" width=\"225\" height=\"300\" srcset=\"http:\/\/upcycliz.fr\/wp-content\/uploads\/2020\/06\/IMG_0290-225x300.jpg 225w, http:\/\/upcycliz.fr\/wp-content\/uploads\/2020\/06\/IMG_0290-768x1024.jpg 768w, http:\/\/upcycliz.fr\/wp-content\/uploads\/2020\/06\/IMG_0290-1152x1536.jpg 1152w, http:\/\/upcycliz.fr\/wp-content\/uploads\/2020\/06\/IMG_0290-1536x2048.jpg 1536w, http:\/\/upcycliz.fr\/wp-content\/uploads\/2020\/06\/IMG_0290-600x800.jpg 600w, http:\/\/upcycliz.fr\/wp-content\/uploads\/2020\/06\/IMG_0290-scaled.jpg 1920w\" sizes=\"(max-width: 225px) 100vw, 225px\" \/> <img loading=\"lazy\" class=\"alignnone size-medium wp-image-299\" src=\"http:\/\/upcycliz.fr\/wp-content\/uploads\/2020\/06\/IMG_1062-200x300.jpg\" alt=\"\" width=\"200\" height=\"300\" srcset=\"http:\/\/upcycliz.fr\/wp-content\/uploads\/2020\/06\/IMG_1062-200x300.jpg 200w, http:\/\/upcycliz.fr\/wp-content\/uploads\/2020\/06\/IMG_1062-682x1024.jpg 682w, http:\/\/upcycliz.fr\/wp-content\/uploads\/2020\/06\/IMG_1062-768x1153.jpg 768w, http:\/\/upcycliz.fr\/wp-content\/uploads\/2020\/06\/IMG_1062-1023x1536.jpg 1023w, http:\/\/upcycliz.fr\/wp-content\/uploads\/2020\/06\/IMG_1062-1364x2048.jpg 1364w, http:\/\/upcycliz.fr\/wp-content\/uploads\/2020\/06\/IMG_1062-600x901.jpg 600w, http:\/\/upcycliz.fr\/wp-content\/uploads\/2020\/06\/IMG_1062-scaled.jpg 1705w\" sizes=\"(max-width: 200px) 100vw, 200px\" \/><\/p>\n","protected":false},"excerpt":{"rendered":"<p>Sac cabas fait \u00e0 partir de vieux v\u00eatements et de chutes de tissu. &nbsp;<\/p>\n","protected":false},"featured_media":297,"comment_status":"open","ping_status":"closed","template":"","meta":[],"product_cat":[31,29],"product_tag":[],"_links":{"self":[{"href":"http:\/\/upcycliz.fr\/index.php\/wp-json\/wp\/v2\/product\/295"}],"collection":[{"href":"http:\/\/upcycliz.fr\/index.php\/wp-json\/wp\/v2\/product"}],"about":[{"href":"http:\/\/upcycliz.fr\/index.php\/wp-json\/wp\/v2\/types\/product"}],"replies":[{"embeddable":true,"href":"http:\/\/upcycliz.fr\/index.php\/wp-json\/wp\/v2\/comments?post=295"}],"wp:featuredmedia":[{"embeddable":true,"href":"http:\/\/upcycliz.fr\/index.php\/wp-json\/wp\/v2\/media\/297"}],"wp:attachment":[{"href":"http:\/\/upcycliz.fr\/index.php\/wp-json\/wp\/v2\/media?parent=295"}],"wp:term":[{"taxonomy":"product_cat","embeddable":true,"href":"http:\/\/upcycliz.fr\/index.php\/wp-json\/wp\/v2\/product_cat?post=295"},{"taxonomy":"product_tag","embeddable":true,"href":"http:\/\/upcycliz.fr\/index.php\/wp-json\/wp\/v2\/product_tag?post=295"}],"curies":[{"name":"wp","href":"https:\/\/api.w.org\/{rel}","templated":true}]}}