{"id":279,"date":"2020-06-29T10:41:35","date_gmt":"2020-06-29T08:41:35","guid":{"rendered":"http:\/\/upcycliz.fr\/?post_type=product&#038;p=279"},"modified":"2020-07-19T20:09:06","modified_gmt":"2020-07-19T18:09:06","slug":"sac-a-main-etoiles","status":"publish","type":"product","link":"http:\/\/upcycliz.fr\/index.php\/produit\/sac-a-main-etoiles\/","title":{"rendered":"sac \u00e0 main \u00e9toiles"},"content":{"rendered":"<p>Sac \u00e0 main en jean recycl\u00e9. Interieur coton blanc avec des \u00e9toiles.<\/p>\n<p>&nbsp;<\/p>\n<p><img loading=\"lazy\" class=\"alignnone size-medium wp-image-281\" src=\"http:\/\/upcycliz.fr\/wp-content\/uploads\/2020\/06\/IMG_0307-225x300.jpg\" alt=\"\" width=\"225\" height=\"300\" srcset=\"http:\/\/upcycliz.fr\/wp-content\/uploads\/2020\/06\/IMG_0307-225x300.jpg 225w, http:\/\/upcycliz.fr\/wp-content\/uploads\/2020\/06\/IMG_0307-768x1024.jpg 768w, http:\/\/upcycliz.fr\/wp-content\/uploads\/2020\/06\/IMG_0307-1152x1536.jpg 1152w, http:\/\/upcycliz.fr\/wp-content\/uploads\/2020\/06\/IMG_0307-1536x2048.jpg 1536w, http:\/\/upcycliz.fr\/wp-content\/uploads\/2020\/06\/IMG_0307-600x800.jpg 600w, http:\/\/upcycliz.fr\/wp-content\/uploads\/2020\/06\/IMG_0307-scaled.jpg 1920w\" sizes=\"(max-width: 225px) 100vw, 225px\" \/> <img loading=\"lazy\" class=\"alignnone size-medium wp-image-282\" src=\"http:\/\/upcycliz.fr\/wp-content\/uploads\/2020\/06\/IMG_0315-225x300.jpg\" alt=\"\" width=\"225\" height=\"300\" srcset=\"http:\/\/upcycliz.fr\/wp-content\/uploads\/2020\/06\/IMG_0315-225x300.jpg 225w, http:\/\/upcycliz.fr\/wp-content\/uploads\/2020\/06\/IMG_0315-768x1024.jpg 768w, http:\/\/upcycliz.fr\/wp-content\/uploads\/2020\/06\/IMG_0315-1152x1536.jpg 1152w, http:\/\/upcycliz.fr\/wp-content\/uploads\/2020\/06\/IMG_0315-1536x2048.jpg 1536w, http:\/\/upcycliz.fr\/wp-content\/uploads\/2020\/06\/IMG_0315-600x800.jpg 600w, http:\/\/upcycliz.fr\/wp-content\/uploads\/2020\/06\/IMG_0315-scaled.jpg 1920w\" sizes=\"(max-width: 225px) 100vw, 225px\" \/> <img loading=\"lazy\" class=\"alignnone size-medium wp-image-283\" src=\"http:\/\/upcycliz.fr\/wp-content\/uploads\/2020\/06\/IMG_1056-200x300.jpg\" alt=\"\" width=\"200\" height=\"300\" srcset=\"http:\/\/upcycliz.fr\/wp-content\/uploads\/2020\/06\/IMG_1056-200x300.jpg 200w, http:\/\/upcycliz.fr\/wp-content\/uploads\/2020\/06\/IMG_1056-682x1024.jpg 682w, http:\/\/upcycliz.fr\/wp-content\/uploads\/2020\/06\/IMG_1056-768x1153.jpg 768w, http:\/\/upcycliz.fr\/wp-content\/uploads\/2020\/06\/IMG_1056-1023x1536.jpg 1023w, http:\/\/upcycliz.fr\/wp-content\/uploads\/2020\/06\/IMG_1056-1364x2048.jpg 1364w, http:\/\/upcycliz.fr\/wp-content\/uploads\/2020\/06\/IMG_1056-600x901.jpg 600w, http:\/\/upcycliz.fr\/wp-content\/uploads\/2020\/06\/IMG_1056-scaled.jpg 1705w\" sizes=\"(max-width: 200px) 100vw, 200px\" \/><\/p>\n","protected":false},"excerpt":{"rendered":"<p>Sac \u00e0 main en jean recycl\u00e9. Interieur coton blanc avec des \u00e9toiles. &nbsp;<\/p>\n","protected":false},"featured_media":280,"comment_status":"open","ping_status":"closed","template":"","meta":[],"product_cat":[31,30],"product_tag":[],"_links":{"self":[{"href":"http:\/\/upcycliz.fr\/index.php\/wp-json\/wp\/v2\/product\/279"}],"collection":[{"href":"http:\/\/upcycliz.fr\/index.php\/wp-json\/wp\/v2\/product"}],"about":[{"href":"http:\/\/upcycliz.fr\/index.php\/wp-json\/wp\/v2\/types\/product"}],"replies":[{"embeddable":true,"href":"http:\/\/upcycliz.fr\/index.php\/wp-json\/wp\/v2\/comments?post=279"}],"wp:featuredmedia":[{"embeddable":true,"href":"http:\/\/upcycliz.fr\/index.php\/wp-json\/wp\/v2\/media\/280"}],"wp:attachment":[{"href":"http:\/\/upcycliz.fr\/index.php\/wp-json\/wp\/v2\/media?parent=279"}],"wp:term":[{"taxonomy":"product_cat","embeddable":true,"href":"http:\/\/upcycliz.fr\/index.php\/wp-json\/wp\/v2\/product_cat?post=279"},{"taxonomy":"product_tag","embeddable":true,"href":"http:\/\/upcycliz.fr\/index.php\/wp-json\/wp\/v2\/product_tag?post=279"}],"curies":[{"name":"wp","href":"https:\/\/api.w.org\/{rel}","templated":true}]}}